{"id":73,"date":"2019-10-07T12:16:55","date_gmt":"2019-10-07T10:16:55","guid":{"rendered":"http:\/\/www.berry-cocottes.bigberry.fr\/?page_id=73"},"modified":"2019-10-07T22:08:50","modified_gmt":"2019-10-07T20:08:50","slug":"les-activites","status":"publish","type":"page","link":"https:\/\/www.berry-cocottes.bigberry.fr\/index.php\/les-activites\/","title":{"rendered":"Les activit\u00e9s"},"content":{"rendered":"\t\t<div data-elementor-type=\"wp-post\" data-elementor-id=\"73\" class=\"elementor elementor-73\">\n\t\t\t\t\t\t<section class=\"elementor-section elementor-top-section elementor-element elementor-element-2debc339 elementor-section-boxed elementor-section-height-default elementor-section-height-default\" data-id=\"2debc339\" data-element_type=\"section\" data-settings=\"{&quot;background_background&quot;:&quot;classic&quot;}\">\n\t\t\t\t\t\t<div class=\"elementor-container elementor-column-gap-default\">\n\t\t\t\t\t<div class=\"elementor-column elementor-col-100 elementor-top-column elementor-element elementor-element-6a7bc395\" data-id=\"6a7bc395\" data-element_type=\"column\" data-settings=\"{&quot;background_background&quot;:&quot;classic&quot;}\">\n\t\t\t<div class=\"elementor-widget-wrap elementor-element-populated\">\n\t\t\t\t\t\t<div class=\"elementor-element elementor-element-6646652a elementor-invisible elementor-widget elementor-widget-heading\" data-id=\"6646652a\" data-element_type=\"widget\" data-settings=\"{&quot;_animation&quot;:&quot;fadeIn&quot;}\" data-widget_type=\"heading.default\">\n\t\t\t\t<div class=\"elementor-widget-container\">\n\t\t\t<h2 class=\"elementor-heading-title elementor-size-default\">D\u00e9couvrir la poule Noire du Berry<\/h2>\t\t<\/div>\n\t\t\t\t<\/div>\n\t\t\t\t\t<\/div>\n\t\t<\/div>\n\t\t\t\t\t<\/div>\n\t\t<\/section>\n\t\t\t\t<section class=\"elementor-section elementor-top-section elementor-element elementor-element-5c0bcf1 elementor-section-boxed elementor-section-height-default elementor-section-height-default\" data-id=\"5c0bcf1\" data-element_type=\"section\">\n\t\t\t\t\t\t<div class=\"elementor-container elementor-column-gap-default\">\n\t\t\t\t\t<div class=\"elementor-column elementor-col-33 elementor-top-column elementor-element elementor-element-59326ce4\" data-id=\"59326ce4\" data-element_type=\"column\">\n\t\t\t<div class=\"elementor-widget-wrap elementor-element-populated\">\n\t\t\t\t\t\t<div class=\"elementor-element elementor-element-208b12ce elementor-invisible elementor-widget elementor-widget-text-editor\" data-id=\"208b12ce\" data-element_type=\"widget\" data-settings=\"{&quot;_animation&quot;:&quot;fadeIn&quot;}\" data-widget_type=\"text-editor.default\">\n\t\t\t\t<div class=\"elementor-widget-container\">\n\t\t\t\t\t\t\t<div class=\"page\" title=\"Page 5\"><div class=\"section\"><div class=\"layoutArea\"><div class=\"column\"><p>La poule Noire du Berry fait partie des tre\u0301sors vivants du Centre Val de Loire : e\u0301leve\u0301e en Berry depuis le XIXe sie\u0300cle, elle a e\u0301te\u0301 en voie de disparition a\u0300 la fin du XX sie\u0300cle et est toujours sous la protection des actions conjointes du Club Franc\u0327ais de la Poule Noire du Berry et de l\u2019Union pour les Ressources Ge\u0301ne\u0301tiques du Centre.<\/p><\/div><\/div><\/div><\/div>\t\t\t\t\t\t<\/div>\n\t\t\t\t<\/div>\n\t\t\t\t\t<\/div>\n\t\t<\/div>\n\t\t\t\t<div class=\"elementor-column elementor-col-33 elementor-top-column elementor-element elementor-element-19f30ef1\" data-id=\"19f30ef1\" data-element_type=\"column\">\n\t\t\t<div class=\"elementor-widget-wrap elementor-element-populated\">\n\t\t\t\t\t\t<div class=\"elementor-element elementor-element-2a0cb63 elementor-invisible elementor-widget elementor-widget-image\" data-id=\"2a0cb63\" data-element_type=\"widget\" data-settings=\"{&quot;_animation&quot;:&quot;fadeIn&quot;}\" data-widget_type=\"image.default\">\n\t\t\t\t<div class=\"elementor-widget-container\">\n\t\t\t\t\t\t\t\t\t\t\t\t\t<img fetchpriority=\"high\" decoding=\"async\" width=\"696\" height=\"684\" src=\"https:\/\/www.berry-cocottes.bigberry.fr\/wp-content\/uploads\/2019\/10\/Controle-Logo-Poule-noire-du-Berry.jpg\" class=\"attachment-large size-large wp-image-83\" alt=\"\" srcset=\"https:\/\/www.berry-cocottes.bigberry.fr\/wp-content\/uploads\/2019\/10\/Controle-Logo-Poule-noire-du-Berry.jpg 696w, https:\/\/www.berry-cocottes.bigberry.fr\/wp-content\/uploads\/2019\/10\/Controle-Logo-Poule-noire-du-Berry-300x295.jpg 300w\" sizes=\"(max-width: 696px) 100vw, 696px\" \/>\t\t\t\t\t\t\t\t\t\t\t\t\t<\/div>\n\t\t\t\t<\/div>\n\t\t\t\t\t<\/div>\n\t\t<\/div>\n\t\t\t\t<div class=\"elementor-column elementor-col-33 elementor-top-column elementor-element elementor-element-a23d5aa\" data-id=\"a23d5aa\" data-element_type=\"column\" data-settings=\"{&quot;background_background&quot;:&quot;classic&quot;}\">\n\t\t\t<div class=\"elementor-widget-wrap elementor-element-populated\">\n\t\t\t\t\t\t<div class=\"elementor-element elementor-element-a589e8e elementor-widget elementor-widget-text-editor\" data-id=\"a589e8e\" data-element_type=\"widget\" data-widget_type=\"text-editor.default\">\n\t\t\t\t<div class=\"elementor-widget-container\">\n\t\t\t\t\t\t\t<p><strong>D\u00e9couvrez <a href=\"http:\/\/www.berry-cocottes.bigberry.fr\/wp-content\/uploads\/2019\/10\/Poule-Noire-du-Berry-P1.pdf\"><u>l&#8217;histoire<\/u><\/a> de la poule Noire du Berry et ses <a href=\"http:\/\/www.berry-cocottes.bigberry.fr\/wp-content\/uploads\/2019\/10\/Poule-Noire-du-Berry-P2.pdf\"><u>caract\u00e9ristiques<\/u><\/a>.<\/strong><\/p>\t\t\t\t\t\t<\/div>\n\t\t\t\t<\/div>\n\t\t\t\t\t<\/div>\n\t\t<\/div>\n\t\t\t\t\t<\/div>\n\t\t<\/section>\n\t\t\t\t<section class=\"elementor-section elementor-top-section elementor-element elementor-element-1113cb85 elementor-section-boxed elementor-section-height-default elementor-section-height-default\" data-id=\"1113cb85\" data-element_type=\"section\">\n\t\t\t\t\t\t<div class=\"elementor-container elementor-column-gap-default\">\n\t\t\t\t\t<div class=\"elementor-column elementor-col-100 elementor-top-column elementor-element elementor-element-5e3c17f1\" data-id=\"5e3c17f1\" data-element_type=\"column\" data-settings=\"{&quot;background_background&quot;:&quot;classic&quot;}\">\n\t\t\t<div class=\"elementor-widget-wrap elementor-element-populated\">\n\t\t\t\t\t\t<div class=\"elementor-element elementor-element-22a4f4b1 elementor-invisible elementor-widget elementor-widget-heading\" data-id=\"22a4f4b1\" data-element_type=\"widget\" data-settings=\"{&quot;_animation&quot;:&quot;fadeIn&quot;}\" data-widget_type=\"heading.default\">\n\t\t\t\t<div class=\"elementor-widget-container\">\n\t\t\t<h2 class=\"elementor-heading-title elementor-size-default\">Nature, biodiversit\u00e9 et \"z\u00e9ro d\u00e9chets\"<\/h2>\t\t<\/div>\n\t\t\t\t<\/div>\n\t\t\t\t\t<\/div>\n\t\t<\/div>\n\t\t\t\t\t<\/div>\n\t\t<\/section>\n\t\t\t\t<section class=\"elementor-section elementor-top-section elementor-element elementor-element-ed13b65 elementor-section-boxed elementor-section-height-default elementor-section-height-default\" data-id=\"ed13b65\" data-element_type=\"section\">\n\t\t\t\t\t\t<div class=\"elementor-container elementor-column-gap-default\">\n\t\t\t\t\t<div class=\"elementor-column elementor-col-33 elementor-top-column elementor-element elementor-element-20e55ba6 elementor-invisible\" data-id=\"20e55ba6\" data-element_type=\"column\" data-settings=\"{&quot;background_background&quot;:&quot;classic&quot;,&quot;animation&quot;:&quot;fadeIn&quot;}\">\n\t\t\t<div class=\"elementor-widget-wrap elementor-element-populated\">\n\t\t\t\t\t\t<div class=\"elementor-element elementor-element-bc4355b elementor-widget elementor-widget-text-editor\" data-id=\"bc4355b\" data-element_type=\"widget\" data-widget_type=\"text-editor.default\">\n\t\t\t\t<div class=\"elementor-widget-container\">\n\t\t\t\t\t\t\t<p>Des <u><a href=\"http:\/\/www.berry-cocottes.bigberry.fr\/index.php\/category\/eco-conseil\/\">outils pratiques<\/a><\/u> pour \u00eatre \u00e9co-responsable au quotidien<\/p>\t\t\t\t\t\t<\/div>\n\t\t\t\t<\/div>\n\t\t\t\t\t<\/div>\n\t\t<\/div>\n\t\t\t\t<div class=\"elementor-column elementor-col-33 elementor-top-column elementor-element elementor-element-7ac8a033\" data-id=\"7ac8a033\" data-element_type=\"column\">\n\t\t\t<div class=\"elementor-widget-wrap elementor-element-populated\">\n\t\t\t\t\t\t<div class=\"elementor-element elementor-element-71df2acc elementor-invisible elementor-widget elementor-widget-text-editor\" data-id=\"71df2acc\" data-element_type=\"widget\" data-settings=\"{&quot;_animation&quot;:&quot;fadeIn&quot;}\" data-widget_type=\"text-editor.default\">\n\t\t\t\t<div class=\"elementor-widget-container\">\n\t\t\t\t\t\t\t<div class=\"page\" title=\"Page 4\"><div class=\"section\"><div class=\"layoutArea\"><div class=\"column\"><p>Changement climatique, se\u0301cheresse et pre\u0301servation de la biodiversite\u0301 : les grands enjeux de l&#8217;environnement ne\u0301cessitent l&#8217;engagement de tous. La re\u0301duction des de\u0301chets permet de re\u0301duire la pollution des eaux et l&#8217;utilisation de matie\u0300res premie\u0300res. De\u0301couvrez dans cette partie les informations pour sensibiliser toutes les ge\u0301ne\u0301rations autour de gestes &#8220;ze\u0301ro de\u0301chets&#8221;.<\/p><\/div><\/div><\/div><\/div>\t\t\t\t\t\t<\/div>\n\t\t\t\t<\/div>\n\t\t\t\t\t<\/div>\n\t\t<\/div>\n\t\t\t\t<div class=\"elementor-column elementor-col-33 elementor-top-column elementor-element elementor-element-db25e8b\" data-id=\"db25e8b\" data-element_type=\"column\">\n\t\t\t<div class=\"elementor-widget-wrap elementor-element-populated\">\n\t\t\t\t\t\t<div class=\"elementor-element elementor-element-13126f9 elementor-widget elementor-widget-image\" data-id=\"13126f9\" data-element_type=\"widget\" data-widget_type=\"image.default\">\n\t\t\t\t<div class=\"elementor-widget-container\">\n\t\t\t\t\t\t\t\t\t\t\t\t\t<img decoding=\"async\" width=\"400\" height=\"400\" src=\"https:\/\/www.berry-cocottes.bigberry.fr\/wp-content\/uploads\/2019\/10\/Icone-plein-air-web-T.png\" class=\"attachment-full size-full wp-image-91\" alt=\"\" srcset=\"https:\/\/www.berry-cocottes.bigberry.fr\/wp-content\/uploads\/2019\/10\/Icone-plein-air-web-T.png 400w, https:\/\/www.berry-cocottes.bigberry.fr\/wp-content\/uploads\/2019\/10\/Icone-plein-air-web-T-150x150.png 150w, https:\/\/www.berry-cocottes.bigberry.fr\/wp-content\/uploads\/2019\/10\/Icone-plein-air-web-T-300x300.png 300w\" sizes=\"(max-width: 400px) 100vw, 400px\" \/>\t\t\t\t\t\t\t\t\t\t\t\t\t<\/div>\n\t\t\t\t<\/div>\n\t\t\t\t\t<\/div>\n\t\t<\/div>\n\t\t\t\t\t<\/div>\n\t\t<\/section>\n\t\t\t\t<section class=\"elementor-section elementor-top-section elementor-element elementor-element-74fe36d5 elementor-section-boxed elementor-section-height-default elementor-section-height-default\" data-id=\"74fe36d5\" data-element_type=\"section\">\n\t\t\t\t\t\t<div class=\"elementor-container elementor-column-gap-default\">\n\t\t\t\t\t<div class=\"elementor-column elementor-col-100 elementor-top-column elementor-element elementor-element-cab0f5a\" data-id=\"cab0f5a\" data-element_type=\"column\" data-settings=\"{&quot;background_background&quot;:&quot;classic&quot;}\">\n\t\t\t<div class=\"elementor-widget-wrap elementor-element-populated\">\n\t\t\t\t\t\t<div class=\"elementor-element elementor-element-109eaca5 elementor-invisible elementor-widget elementor-widget-heading\" data-id=\"109eaca5\" data-element_type=\"widget\" data-settings=\"{&quot;_animation&quot;:&quot;fadeIn&quot;}\" data-widget_type=\"heading.default\">\n\t\t\t\t<div class=\"elementor-widget-container\">\n\t\t\t<h2 class=\"elementor-heading-title elementor-size-default\">Panier de vari\u00e9t\u00e9s locales<\/h2>\t\t<\/div>\n\t\t\t\t<\/div>\n\t\t\t\t\t<\/div>\n\t\t<\/div>\n\t\t\t\t\t<\/div>\n\t\t<\/section>\n\t\t\t\t<section class=\"elementor-section elementor-top-section elementor-element elementor-element-5ec11ec elementor-section-boxed elementor-section-height-default elementor-section-height-default\" data-id=\"5ec11ec\" data-element_type=\"section\">\n\t\t\t\t\t\t<div class=\"elementor-container elementor-column-gap-default\">\n\t\t\t\t\t<div class=\"elementor-column elementor-col-33 elementor-top-column elementor-element elementor-element-4c706d45\" data-id=\"4c706d45\" data-element_type=\"column\">\n\t\t\t<div class=\"elementor-widget-wrap elementor-element-populated\">\n\t\t\t\t\t\t<div class=\"elementor-element elementor-element-97b3227 elementor-widget elementor-widget-image\" data-id=\"97b3227\" data-element_type=\"widget\" data-widget_type=\"image.default\">\n\t\t\t\t<div class=\"elementor-widget-container\">\n\t\t\t\t\t\t\t\t\t\t\t\t\t<img decoding=\"async\" width=\"200\" height=\"200\" src=\"https:\/\/www.berry-cocottes.bigberry.fr\/wp-content\/uploads\/2019\/10\/386_logo-urgc.png\" class=\"attachment-large size-large wp-image-99\" alt=\"\" srcset=\"https:\/\/www.berry-cocottes.bigberry.fr\/wp-content\/uploads\/2019\/10\/386_logo-urgc.png 200w, https:\/\/www.berry-cocottes.bigberry.fr\/wp-content\/uploads\/2019\/10\/386_logo-urgc-150x150.png 150w\" sizes=\"(max-width: 200px) 100vw, 200px\" \/>\t\t\t\t\t\t\t\t\t\t\t\t\t<\/div>\n\t\t\t\t<\/div>\n\t\t\t\t<div class=\"elementor-element elementor-element-77903ad elementor-widget elementor-widget-text-editor\" data-id=\"77903ad\" data-element_type=\"widget\" data-widget_type=\"text-editor.default\">\n\t\t\t\t<div class=\"elementor-widget-container\">\n\t\t\t\t\t\t\t<p>Union pour les Ressources G\u00e9n\u00e9tiques du Centre<\/p>\t\t\t\t\t\t<\/div>\n\t\t\t\t<\/div>\n\t\t\t\t\t<\/div>\n\t\t<\/div>\n\t\t\t\t<div class=\"elementor-column elementor-col-33 elementor-top-column elementor-element elementor-element-e93d751\" data-id=\"e93d751\" data-element_type=\"column\" data-settings=\"{&quot;background_background&quot;:&quot;classic&quot;}\">\n\t\t\t<div class=\"elementor-widget-wrap elementor-element-populated\">\n\t\t\t\t\t\t<div class=\"elementor-element elementor-element-6b9878d elementor-widget elementor-widget-text-editor\" data-id=\"6b9878d\" data-element_type=\"widget\" data-widget_type=\"text-editor.default\">\n\t\t\t\t<div class=\"elementor-widget-container\">\n\t\t\t\t\t\t\t<p>D\u00e9couvrez des <span style=\"text-decoration: underline;\"><a href=\"http:\/\/www.berry-cocottes.bigberry.fr\/index.php\/2019\/10\/07\/des-idees-de-recettes\/\">recettes<\/a><\/span> de saveurs locales et trouvez un <a href=\"http:\/\/www.urgcentre.fr\/pages\/rv\/annuaire-des-producteurs-2017.html\"><span style=\"text-decoration: underline;\">point de vente<\/span><\/a><\/p>\t\t\t\t\t\t<\/div>\n\t\t\t\t<\/div>\n\t\t\t\t\t<\/div>\n\t\t<\/div>\n\t\t\t\t<div class=\"elementor-column elementor-col-33 elementor-top-column elementor-element elementor-element-01ab510\" data-id=\"01ab510\" data-element_type=\"column\">\n\t\t\t<div class=\"elementor-widget-wrap elementor-element-populated\">\n\t\t\t\t\t\t<div class=\"elementor-element elementor-element-14f43bd elementor-invisible elementor-widget elementor-widget-text-editor\" data-id=\"14f43bd\" data-element_type=\"widget\" data-settings=\"{&quot;_animation&quot;:&quot;fadeIn&quot;}\" data-widget_type=\"text-editor.default\">\n\t\t\t\t<div class=\"elementor-widget-container\">\n\t\t\t\t\t\t\t<div class=\"page\" title=\"Page 4\"><div class=\"section\"><div class=\"layoutArea\"><div class=\"column\"><p>Connaissez-vous les le\u0301gumes et fruits qui composent le patrimoine ge\u0301ne\u0301tique du Berry ? Pour les de\u0301couvrir, les cuisiner, les cultiver, les partager&#8230; Voici un joli panier de varie\u0301te\u0301s et races locales, tre\u0301sors vivants de la R\u00e9gion Centre Val de Loire<\/p><\/div><\/div><\/div><\/div>\t\t\t\t\t\t<\/div>\n\t\t\t\t<\/div>\n\t\t\t\t\t<\/div>\n\t\t<\/div>\n\t\t\t\t\t<\/div>\n\t\t<\/section>\n\t\t\t\t<section class=\"elementor-section elementor-top-section elementor-element elementor-element-aedc9c4 elementor-section-boxed elementor-section-height-default elementor-section-height-default\" data-id=\"aedc9c4\" data-element_type=\"section\">\n\t\t\t\t\t\t<div class=\"elementor-container elementor-column-gap-default\">\n\t\t\t\t\t<div class=\"elementor-column elementor-col-100 elementor-top-column elementor-element elementor-element-19c4416\" data-id=\"19c4416\" data-element_type=\"column\" data-settings=\"{&quot;background_background&quot;:&quot;classic&quot;}\">\n\t\t\t<div class=\"elementor-widget-wrap elementor-element-populated\">\n\t\t\t\t\t\t<div class=\"elementor-element elementor-element-0e4b1b1 elementor-invisible elementor-widget elementor-widget-heading\" data-id=\"0e4b1b1\" data-element_type=\"widget\" data-settings=\"{&quot;_animation&quot;:&quot;fadeIn&quot;}\" data-widget_type=\"heading.default\">\n\t\t\t\t<div class=\"elementor-widget-container\">\n\t\t\t<h2 class=\"elementor-heading-title elementor-size-default\">\u00c9levons nos Berry Cocottes ensemble<\/h2>\t\t<\/div>\n\t\t\t\t<\/div>\n\t\t\t\t\t<\/div>\n\t\t<\/div>\n\t\t\t\t\t<\/div>\n\t\t<\/section>\n\t\t\t\t<section class=\"elementor-section elementor-top-section elementor-element elementor-element-d3e4d79 elementor-section-boxed elementor-section-height-default elementor-section-height-default\" data-id=\"d3e4d79\" data-element_type=\"section\">\n\t\t\t\t\t\t<div class=\"elementor-container elementor-column-gap-default\">\n\t\t\t\t\t<div class=\"elementor-column elementor-col-33 elementor-top-column elementor-element elementor-element-1e39e65\" data-id=\"1e39e65\" data-element_type=\"column\">\n\t\t\t<div class=\"elementor-widget-wrap elementor-element-populated\">\n\t\t\t\t\t\t<div class=\"elementor-element elementor-element-eea3695 elementor-invisible elementor-widget elementor-widget-text-editor\" data-id=\"eea3695\" data-element_type=\"widget\" data-settings=\"{&quot;_animation&quot;:&quot;fadeIn&quot;}\" data-widget_type=\"text-editor.default\">\n\t\t\t\t<div class=\"elementor-widget-container\">\n\t\t\t\t\t\t\t<div class=\"page\" title=\"Page 4\"><div class=\"section\"><div class=\"layoutArea\"><div class=\"column\"><p>Construire son poulailler, organiser la re\u0301colte des oeufs et l&#8217;entretien de l&#8217;enclos, veiller a\u0300 la bonne sante\u0301 des poules&#8230; Les e\u0301leveurs vous fournissent toutes les informations ne\u0301cessaires a\u0300 la gestion et l&#8217;organisation de votre micro-ferme<\/p><\/div><\/div><\/div><\/div>\t\t\t\t\t\t<\/div>\n\t\t\t\t<\/div>\n\t\t\t\t\t<\/div>\n\t\t<\/div>\n\t\t\t\t<div class=\"elementor-column elementor-col-33 elementor-top-column elementor-element elementor-element-f95ab6b\" data-id=\"f95ab6b\" data-element_type=\"column\">\n\t\t\t<div class=\"elementor-widget-wrap elementor-element-populated\">\n\t\t\t\t\t\t<div class=\"elementor-element elementor-element-c2cb424 elementor-widget elementor-widget-image\" data-id=\"c2cb424\" data-element_type=\"widget\" data-widget_type=\"image.default\">\n\t\t\t\t<div class=\"elementor-widget-container\">\n\t\t\t\t\t\t\t\t\t\t\t\t\t<img loading=\"lazy\" decoding=\"async\" width=\"1024\" height=\"724\" src=\"https:\/\/www.berry-cocottes.bigberry.fr\/wp-content\/uploads\/2019\/09\/berry-cocottes-logo3-1024x724.png\" class=\"attachment-large size-large wp-image-56\" alt=\"\" srcset=\"https:\/\/www.berry-cocottes.bigberry.fr\/wp-content\/uploads\/2019\/09\/berry-cocottes-logo3-1024x724.png 1024w, https:\/\/www.berry-cocottes.bigberry.fr\/wp-content\/uploads\/2019\/09\/berry-cocottes-logo3-300x212.png 300w, https:\/\/www.berry-cocottes.bigberry.fr\/wp-content\/uploads\/2019\/09\/berry-cocottes-logo3-768x543.png 768w, https:\/\/www.berry-cocottes.bigberry.fr\/wp-content\/uploads\/2019\/09\/berry-cocottes-logo3.png 1683w\" sizes=\"(max-width: 1024px) 100vw, 1024px\" \/>\t\t\t\t\t\t\t\t\t\t\t\t\t<\/div>\n\t\t\t\t<\/div>\n\t\t\t\t\t<\/div>\n\t\t<\/div>\n\t\t\t\t<div class=\"elementor-column elementor-col-33 elementor-top-column elementor-element elementor-element-1eac9fd\" data-id=\"1eac9fd\" data-element_type=\"column\" data-settings=\"{&quot;background_background&quot;:&quot;classic&quot;}\">\n\t\t\t<div class=\"elementor-widget-wrap elementor-element-populated\">\n\t\t\t\t\t\t<div class=\"elementor-element elementor-element-f492524 elementor-widget elementor-widget-text-editor\" data-id=\"f492524\" data-element_type=\"widget\" data-widget_type=\"text-editor.default\">\n\t\t\t\t<div class=\"elementor-widget-container\">\n\t\t\t\t\t\t\t<p>Des <a href=\"http:\/\/www.berry-cocottes.bigberry.fr\/index.php\/category\/poulailler\/\"><span style=\"text-decoration: underline;\">conseils pratiques<\/span><\/a> pour la gestion de votre poulailler<\/p>\t\t\t\t\t\t<\/div>\n\t\t\t\t<\/div>\n\t\t\t\t\t<\/div>\n\t\t<\/div>\n\t\t\t\t\t<\/div>\n\t\t<\/section>\n\t\t\t\t<section class=\"elementor-section elementor-top-section elementor-element elementor-element-375c657 elementor-section-boxed elementor-section-height-default elementor-section-height-default\" data-id=\"375c657\" data-element_type=\"section\">\n\t\t\t\t\t\t<div class=\"elementor-container elementor-column-gap-default\">\n\t\t\t\t\t<div class=\"elementor-column elementor-col-100 elementor-top-column elementor-element elementor-element-b6ae69a\" data-id=\"b6ae69a\" data-element_type=\"column\" data-settings=\"{&quot;background_background&quot;:&quot;classic&quot;}\">\n\t\t\t<div class=\"elementor-widget-wrap elementor-element-populated\">\n\t\t\t\t\t\t<div class=\"elementor-element elementor-element-be22a67 elementor-invisible elementor-widget elementor-widget-heading\" data-id=\"be22a67\" data-element_type=\"widget\" data-settings=\"{&quot;_animation&quot;:&quot;fadeIn&quot;}\" data-widget_type=\"heading.default\">\n\t\t\t\t<div class=\"elementor-widget-container\">\n\t\t\t<h2 class=\"elementor-heading-title elementor-size-default\">Les m\u00e9tiers de la fili\u00e8re<\/h2>\t\t<\/div>\n\t\t\t\t<\/div>\n\t\t\t\t\t<\/div>\n\t\t<\/div>\n\t\t\t\t\t<\/div>\n\t\t<\/section>\n\t\t\t\t<section class=\"elementor-section elementor-top-section elementor-element elementor-element-f11110c elementor-section-boxed elementor-section-height-default elementor-section-height-default\" data-id=\"f11110c\" data-element_type=\"section\">\n\t\t\t\t\t\t<div class=\"elementor-container elementor-column-gap-default\">\n\t\t\t\t\t<div class=\"elementor-column elementor-col-33 elementor-top-column elementor-element elementor-element-809a3dc\" data-id=\"809a3dc\" data-element_type=\"column\">\n\t\t\t<div class=\"elementor-widget-wrap elementor-element-populated\">\n\t\t\t\t\t\t<div class=\"elementor-element elementor-element-ba51492 elementor-widget elementor-widget-image\" data-id=\"ba51492\" data-element_type=\"widget\" data-widget_type=\"image.default\">\n\t\t\t\t<div class=\"elementor-widget-container\">\n\t\t\t\t\t\t\t\t\t\t\t\t\t<img loading=\"lazy\" decoding=\"async\" width=\"400\" height=\"400\" src=\"https:\/\/www.berry-cocottes.bigberry.fr\/wp-content\/uploads\/2019\/10\/icone-ferme-T.png\" class=\"attachment-full size-full wp-image-128\" alt=\"\" srcset=\"https:\/\/www.berry-cocottes.bigberry.fr\/wp-content\/uploads\/2019\/10\/icone-ferme-T.png 400w, https:\/\/www.berry-cocottes.bigberry.fr\/wp-content\/uploads\/2019\/10\/icone-ferme-T-150x150.png 150w, https:\/\/www.berry-cocottes.bigberry.fr\/wp-content\/uploads\/2019\/10\/icone-ferme-T-300x300.png 300w\" sizes=\"(max-width: 400px) 100vw, 400px\" \/>\t\t\t\t\t\t\t\t\t\t\t\t\t<\/div>\n\t\t\t\t<\/div>\n\t\t\t\t\t<\/div>\n\t\t<\/div>\n\t\t\t\t<div class=\"elementor-column elementor-col-33 elementor-top-column elementor-element elementor-element-1782144\" data-id=\"1782144\" data-element_type=\"column\" data-settings=\"{&quot;background_background&quot;:&quot;classic&quot;}\">\n\t\t\t<div class=\"elementor-widget-wrap elementor-element-populated\">\n\t\t\t\t\t\t<div class=\"elementor-element elementor-element-381f20e elementor-widget elementor-widget-text-editor\" data-id=\"381f20e\" data-element_type=\"widget\" data-widget_type=\"text-editor.default\">\n\t\t\t\t<div class=\"elementor-widget-container\">\n\t\t\t\t\t\t\t<p>D\u00e9couvrez les \u00e9leveurs, restaurateurs, animateurs et ing\u00e9nieurs agronomes qui <u><a href=\"http:\/\/www.berry-cocottes.bigberry.fr\/index.php\/category\/les-metiers\/\">pr\u00e9servent<\/a><\/u> la poule Noire du Berry<\/p>\t\t\t\t\t\t<\/div>\n\t\t\t\t<\/div>\n\t\t\t\t\t<\/div>\n\t\t<\/div>\n\t\t\t\t<div class=\"elementor-column elementor-col-33 elementor-top-column elementor-element elementor-element-abbf559\" data-id=\"abbf559\" data-element_type=\"column\">\n\t\t\t<div class=\"elementor-widget-wrap elementor-element-populated\">\n\t\t\t\t\t\t<div class=\"elementor-element elementor-element-828ef93 elementor-invisible elementor-widget elementor-widget-text-editor\" data-id=\"828ef93\" data-element_type=\"widget\" data-settings=\"{&quot;_animation&quot;:&quot;fadeIn&quot;}\" data-widget_type=\"text-editor.default\">\n\t\t\t\t<div class=\"elementor-widget-container\">\n\t\t\t\t\t\t\t<div class=\"page\" title=\"Page 4\"><div class=\"section\"><div class=\"layoutArea\"><div class=\"column\"><div class=\"page\" title=\"Page 4\"><div class=\"section\"><div class=\"layoutArea\"><div class=\"column\"><p>Comment devient-on e\u0301leveur ? Qui sont les acteurs de la filie\u0300re et que font-ils ? De\u0301couvrez comment s&#8217;anime et se structure le quotidien d&#8217;une filie\u0300re a\u0300 travers les me\u0301tiers de ses acteurs.<\/p><\/div><\/div><\/div><\/div><\/div><\/div><\/div><\/div>\t\t\t\t\t\t<\/div>\n\t\t\t\t<\/div>\n\t\t\t\t\t<\/div>\n\t\t<\/div>\n\t\t\t\t\t<\/div>\n\t\t<\/section>\n\t\t\t\t<\/div>\n\t\t","protected":false},"excerpt":{"rendered":"<p>D\u00e9couvrir la poule Noire du Berry La poule Noire du Berry fait partie des tre\u0301sors vivants du Centre Val de Loire : e\u0301leve\u0301e en Berry depuis le XIXe sie\u0300cle, elle a e\u0301te\u0301 en voie de disparition a\u0300 la fin du XX sie\u0300cle et est toujours sous la protection des actions conjointes du Club Franc\u0327ais de [&hellip;]<\/p>\n","protected":false},"author":1,"featured_media":0,"parent":0,"menu_order":0,"comment_status":"closed","ping_status":"closed","template":"elementor_header_footer","meta":{"footnotes":""},"_links":{"self":[{"href":"https:\/\/www.berry-cocottes.bigberry.fr\/index.php\/wp-json\/wp\/v2\/pages\/73"}],"collection":[{"href":"https:\/\/www.berry-cocottes.bigberry.fr\/index.php\/wp-json\/wp\/v2\/pages"}],"about":[{"href":"https:\/\/www.berry-cocottes.bigberry.fr\/index.php\/wp-json\/wp\/v2\/types\/page"}],"author":[{"embeddable":true,"href":"https:\/\/www.berry-cocottes.bigberry.fr\/index.php\/wp-json\/wp\/v2\/users\/1"}],"replies":[{"embeddable":true,"href":"https:\/\/www.berry-cocottes.bigberry.fr\/index.php\/wp-json\/wp\/v2\/comments?post=73"}],"version-history":[{"count":24,"href":"https:\/\/www.berry-cocottes.bigberry.fr\/index.php\/wp-json\/wp\/v2\/pages\/73\/revisions"}],"predecessor-version":[{"id":211,"href":"https:\/\/www.berry-cocottes.bigberry.fr\/index.php\/wp-json\/wp\/v2\/pages\/73\/revisions\/211"}],"wp:attachment":[{"href":"https:\/\/www.berry-cocottes.bigberry.fr\/index.php\/wp-json\/wp\/v2\/media?parent=73"}],"curies":[{"name":"wp","href":"https:\/\/api.w.org\/{rel}","templated":true}]}}