{"id":102,"date":"2019-10-07T15:32:50","date_gmt":"2019-10-07T13:32:50","guid":{"rendered":"http:\/\/www.berry-cocottes.bigberry.fr\/?page_id=102"},"modified":"2019-10-07T15:37:02","modified_gmt":"2019-10-07T13:37:02","slug":"le-blog","status":"publish","type":"page","link":"https:\/\/www.berry-cocottes.bigberry.fr\/index.php\/le-blog\/","title":{"rendered":"Le blog"},"content":{"rendered":"\t\t<div data-elementor-type=\"wp-post\" data-elementor-id=\"102\" class=\"elementor elementor-102\">\n\t\t\t\t\t\t<section class=\"elementor-section elementor-top-section elementor-element elementor-element-6c714d6 elementor-section-boxed elementor-section-height-default elementor-section-height-default\" data-id=\"6c714d6\" data-element_type=\"section\">\n\t\t\t\t\t\t<div class=\"elementor-container elementor-column-gap-default\">\n\t\t\t\t\t<div class=\"elementor-column elementor-col-100 elementor-top-column elementor-element elementor-element-929d38b\" data-id=\"929d38b\" data-element_type=\"column\" data-settings=\"{&quot;background_background&quot;:&quot;classic&quot;}\">\n\t\t\t<div class=\"elementor-widget-wrap elementor-element-populated\">\n\t\t\t\t\t\t<div class=\"elementor-element elementor-element-367e264 elementor-widget elementor-widget-heading\" data-id=\"367e264\" data-element_type=\"widget\" data-widget_type=\"heading.default\">\n\t\t\t\t<div class=\"elementor-widget-container\">\n\t\t\t<h2 class=\"elementor-heading-title elementor-size-default\">Suivez les aventures des Berry Cocottes<\/h2>\t\t<\/div>\n\t\t\t\t<\/div>\n\t\t\t\t\t<\/div>\n\t\t<\/div>\n\t\t\t\t\t<\/div>\n\t\t<\/section>\n\t\t\t\t<section class=\"elementor-section elementor-top-section elementor-element elementor-element-92d9999 elementor-section-boxed elementor-section-height-default elementor-section-height-default\" data-id=\"92d9999\" data-element_type=\"section\">\n\t\t\t\t\t\t<div class=\"elementor-container elementor-column-gap-default\">\n\t\t\t\t\t<div class=\"elementor-column elementor-col-100 elementor-top-column elementor-element elementor-element-3f8c266\" data-id=\"3f8c266\" data-element_type=\"column\">\n\t\t\t<div class=\"elementor-widget-wrap elementor-element-populated\">\n\t\t\t\t\t\t<div class=\"elementor-element elementor-element-6066dd1 elementor-widget elementor-widget-shortcode\" data-id=\"6066dd1\" data-element_type=\"widget\" data-widget_type=\"shortcode.default\">\n\t\t\t\t<div class=\"elementor-widget-container\">\n\t\t\t\t\t<div class=\"elementor-shortcode\">\t\t<div class=\"wppsac-wrap wppsac-slick-carousel-wrp wppsac-clearfix \" data-conf=\"{&quot;slides_to_show&quot;:3,&quot;slides_to_scroll&quot;:1,&quot;dots&quot;:&quot;true&quot;,&quot;arrows&quot;:&quot;true&quot;,&quot;autoplay&quot;:&quot;true&quot;,&quot;autoplay_interval&quot;:3000,&quot;speed&quot;:500,&quot;rtl&quot;:&quot;false&quot;,&quot;lazyload&quot;:&quot;&quot;}\">\r\n\t\t\t<div id=\"wppsac-post-carousel-1\" class=\"wppsac-post-slider-init wppsac-post-carousel design-1\">\r\n\t\t\t\t<div class=\"wppsac-carousel-slides\">\r\n\t\t<div class=\"wppsac-post-image-bg\">\r\n\t\t<a href=\"https:\/\/www.berry-cocottes.bigberry.fr\/index.php\/2020\/09\/13\/le-plaisir-delever-avec-jacques-blin\/\">\r\n\t\t\t<img decoding=\"async\" class=\"wppsac-post-image\"  src=\"https:\/\/www.berry-cocottes.bigberry.fr\/wp-content\/uploads\/2020\/09\/Berry-Cocottes-Le-plaisir-d\u00e9lever-avec-Jacques-Blin.jpg\" alt=\"Le plaisir d&#8217;\u00e9lever avec Jacques Blin\" \/>\r\n\t\t<\/a>\r\n\t<\/div>\r\n\t\r\n\t<div class=\"wppsac-post-content-position\">\r\n\t\t\t\t<div class=\"wppsac-post-categories\"><ul class=\"wppsac-post-categories-list\"><li><a href=\"https:\/\/www.berry-cocottes.bigberry.fr\/index.php\/category\/les-activites\/\">Les activit\u00e9s<\/a><\/li><li><a href=\"https:\/\/www.berry-cocottes.bigberry.fr\/index.php\/category\/les-metiers\/\">Les m\u00e9tiers<\/a><\/li><\/ul><\/div>\r\n\t\t\r\n\t\t<h2 class=\"wppsac-post-title\">\r\n\t\t\t<a href=\"https:\/\/www.berry-cocottes.bigberry.fr\/index.php\/2020\/09\/13\/le-plaisir-delever-avec-jacques-blin\/\">Le plaisir d&#8217;\u00e9lever avec Jacques Blin<\/a>\r\n\t\t<\/h2>\r\n\r\n\t\t\t\t<div class=\"wppsac-post-date\">\r\n\t\t\t\t\t\t<span>By admincocottes<\/span>\r\n\t\t\t \/ 13 September 2020\t\t<\/div>\r\n\t\t\t\t<div class=\"wppsac-post-content\">\r\n\t\t\t<div class=\"wppsac-sub-content\">C'est quoi, un \u00e9leveur amateur ? R\u00e9ponse avec Jacques Blin, qui nous montre que l'\u00e9levage de poules du Berry, c'est...<\/div>\r\n\r\n\t\t\t\t\t\t<a class=\"wppsac-readmorebtn\" href=\"https:\/\/www.berry-cocottes.bigberry.fr\/index.php\/2020\/09\/13\/le-plaisir-delever-avec-jacques-blin\/\">Read More<\/a>\r\n\t\t\t\t\t<\/div>\r\n\t\t\t<\/div>\r\n<\/div><div class=\"wppsac-carousel-slides\">\r\n\t\t<div class=\"wppsac-post-image-bg\">\r\n\t\t<a href=\"https:\/\/www.berry-cocottes.bigberry.fr\/index.php\/2020\/02\/24\/eco-conseils-ensemble-pour-un-monde-durable\/\">\r\n\t\t\t<img decoding=\"async\" class=\"wppsac-post-image\"  src=\"https:\/\/www.berry-cocottes.bigberry.fr\/wp-content\/uploads\/2020\/02\/Ensemble-pour-un-monde-durable.jpg\" alt=\"Eco-conseils : ensemble pour un monde durable\" \/>\r\n\t\t<\/a>\r\n\t<\/div>\r\n\t\r\n\t<div class=\"wppsac-post-content-position\">\r\n\t\t\t\t<div class=\"wppsac-post-categories\"><ul class=\"wppsac-post-categories-list\"><li><a href=\"https:\/\/www.berry-cocottes.bigberry.fr\/index.php\/category\/eco-conseil\/\">Eco-conseil<\/a><\/li><li><a href=\"https:\/\/www.berry-cocottes.bigberry.fr\/index.php\/category\/les-activites\/\">Les activit\u00e9s<\/a><\/li><\/ul><\/div>\r\n\t\t\r\n\t\t<h2 class=\"wppsac-post-title\">\r\n\t\t\t<a href=\"https:\/\/www.berry-cocottes.bigberry.fr\/index.php\/2020\/02\/24\/eco-conseils-ensemble-pour-un-monde-durable\/\">Eco-conseils : ensemble pour un monde durable<\/a>\r\n\t\t<\/h2>\r\n\r\n\t\t\t\t<div class=\"wppsac-post-date\">\r\n\t\t\t\t\t\t<span>By admincocottes<\/span>\r\n\t\t\t \/ 24 February 2020\t\t<\/div>\r\n\t\t\t\t<div class=\"wppsac-post-content\">\r\n\t\t\t<div class=\"wppsac-sub-content\">De nouveaux conseils sur le th\u00e8me du faire ensemble sont \u00e0 retrouver en nous suivant sur Facebook.<\/div>\r\n\r\n\t\t\t\t\t\t<a class=\"wppsac-readmorebtn\" href=\"https:\/\/www.berry-cocottes.bigberry.fr\/index.php\/2020\/02\/24\/eco-conseils-ensemble-pour-un-monde-durable\/\">Read More<\/a>\r\n\t\t\t\t\t<\/div>\r\n\t\t\t<\/div>\r\n<\/div><div class=\"wppsac-carousel-slides\">\r\n\t\t<div class=\"wppsac-post-image-bg\">\r\n\t\t<a href=\"https:\/\/www.berry-cocottes.bigberry.fr\/index.php\/2020\/02\/22\/eco-conseils-au-quotidien\/\">\r\n\t\t\t<img decoding=\"async\" class=\"wppsac-post-image\"  src=\"https:\/\/www.berry-cocottes.bigberry.fr\/wp-content\/uploads\/2020\/02\/Eco-Conseil-au-quotidien-3.jpg\" alt=\"Eco-conseils : au quotidien\" \/>\r\n\t\t<\/a>\r\n\t<\/div>\r\n\t\r\n\t<div class=\"wppsac-post-content-position\">\r\n\t\t\t\t<div class=\"wppsac-post-categories\"><ul class=\"wppsac-post-categories-list\"><li><a href=\"https:\/\/www.berry-cocottes.bigberry.fr\/index.php\/category\/eco-conseil\/\">Eco-conseil<\/a><\/li><li><a href=\"https:\/\/www.berry-cocottes.bigberry.fr\/index.php\/category\/les-activites\/\">Les activit\u00e9s<\/a><\/li><\/ul><\/div>\r\n\t\t\r\n\t\t<h2 class=\"wppsac-post-title\">\r\n\t\t\t<a href=\"https:\/\/www.berry-cocottes.bigberry.fr\/index.php\/2020\/02\/22\/eco-conseils-au-quotidien\/\">Eco-conseils : au quotidien<\/a>\r\n\t\t<\/h2>\r\n\r\n\t\t\t\t<div class=\"wppsac-post-date\">\r\n\t\t\t\t\t\t<span>By admincocottes<\/span>\r\n\t\t\t \/ 22 February 2020\t\t<\/div>\r\n\t\t\t\t<div class=\"wppsac-post-content\">\r\n\t\t\t<div class=\"wppsac-sub-content\">Des gestes \u00e0 mettre en place, pas \u00e0 pas, pour r\u00e9duire ses d\u00e9chets et mettre en place les bons r\u00e9flexes<\/div>\r\n\r\n\t\t\t\t\t\t<a class=\"wppsac-readmorebtn\" href=\"https:\/\/www.berry-cocottes.bigberry.fr\/index.php\/2020\/02\/22\/eco-conseils-au-quotidien\/\">Read More<\/a>\r\n\t\t\t\t\t<\/div>\r\n\t\t\t<\/div>\r\n<\/div><div class=\"wppsac-carousel-slides\">\r\n\t\t<div class=\"wppsac-post-image-bg\">\r\n\t\t<a href=\"https:\/\/www.berry-cocottes.bigberry.fr\/index.php\/2020\/02\/21\/du-cote-de-sainte-severe\/\">\r\n\t\t\t<img decoding=\"async\" class=\"wppsac-post-image\"  src=\"https:\/\/www.berry-cocottes.bigberry.fr\/wp-content\/uploads\/2020\/02\/Du-C\u00f4t\u00e9-de-Sainte-S\u00e9v\u00e8re.jpg\" alt=\"Du c\u00f4t\u00e9 de Sainte S\u00e9v\u00e8re\" \/>\r\n\t\t<\/a>\r\n\t<\/div>\r\n\t\r\n\t<div class=\"wppsac-post-content-position\">\r\n\t\t\t\t<div class=\"wppsac-post-categories\"><ul class=\"wppsac-post-categories-list\"><li><a href=\"https:\/\/www.berry-cocottes.bigberry.fr\/index.php\/category\/le-programme\/\">Le Programme<\/a><\/li><li><a href=\"https:\/\/www.berry-cocottes.bigberry.fr\/index.php\/category\/les-activites\/\">Les activit\u00e9s<\/a><\/li><li><a href=\"https:\/\/www.berry-cocottes.bigberry.fr\/index.php\/category\/poulailler\/\">Poulailler<\/a><\/li><\/ul><\/div>\r\n\t\t\r\n\t\t<h2 class=\"wppsac-post-title\">\r\n\t\t\t<a href=\"https:\/\/www.berry-cocottes.bigberry.fr\/index.php\/2020\/02\/21\/du-cote-de-sainte-severe\/\">Du c\u00f4t\u00e9 de Sainte S\u00e9v\u00e8re<\/a>\r\n\t\t<\/h2>\r\n\r\n\t\t\t\t<div class=\"wppsac-post-date\">\r\n\t\t\t\t\t\t<span>By admincocottes<\/span>\r\n\t\t\t \/ 21 February 2020\t\t<\/div>\r\n\t\t\t\t<div class=\"wppsac-post-content\">\r\n\t\t\t<div class=\"wppsac-sub-content\">Elles sont enfin arriv\u00e9es ! Les Berry Cocottes ravissent les \u00e9l\u00e8ves de l'\u00e9cole primaire Emile Chenon \u00e0 Sainte S\u00e9v\u00e8re sur...<\/div>\r\n\r\n\t\t\t\t\t\t<a class=\"wppsac-readmorebtn\" href=\"https:\/\/www.berry-cocottes.bigberry.fr\/index.php\/2020\/02\/21\/du-cote-de-sainte-severe\/\">Read More<\/a>\r\n\t\t\t\t\t<\/div>\r\n\t\t\t<\/div>\r\n<\/div><div class=\"wppsac-carousel-slides\">\r\n\t\t<div class=\"wppsac-post-image-bg\">\r\n\t\t<a href=\"https:\/\/www.berry-cocottes.bigberry.fr\/index.php\/2020\/02\/21\/decouvrir-la-poule-noire-du-berry\/\">\r\n\t\t\t<img decoding=\"async\" class=\"wppsac-post-image\"  src=\"https:\/\/www.berry-cocottes.bigberry.fr\/wp-content\/uploads\/2020\/02\/D\u00e9couvrir-la-poule-Noire-du-Berry.jpg\" alt=\"D\u00e9couvrir la poule Noire du Berry\" \/>\r\n\t\t<\/a>\r\n\t<\/div>\r\n\t\r\n\t<div class=\"wppsac-post-content-position\">\r\n\t\t\t\t<div class=\"wppsac-post-categories\"><ul class=\"wppsac-post-categories-list\"><li><a href=\"https:\/\/www.berry-cocottes.bigberry.fr\/index.php\/category\/eco-conseil\/\">Eco-conseil<\/a><\/li><li><a href=\"https:\/\/www.berry-cocottes.bigberry.fr\/index.php\/category\/les-metiers\/\">Les m\u00e9tiers<\/a><\/li><\/ul><\/div>\r\n\t\t\r\n\t\t<h2 class=\"wppsac-post-title\">\r\n\t\t\t<a href=\"https:\/\/www.berry-cocottes.bigberry.fr\/index.php\/2020\/02\/21\/decouvrir-la-poule-noire-du-berry\/\">D\u00e9couvrir la poule Noire du Berry<\/a>\r\n\t\t<\/h2>\r\n\r\n\t\t\t\t<div class=\"wppsac-post-date\">\r\n\t\t\t\t\t\t<span>By admincocottes<\/span>\r\n\t\t\t \/ 21 February 2020\t\t<\/div>\r\n\t\t\t\t<div class=\"wppsac-post-content\">\r\n\t\t\t<div class=\"wppsac-sub-content\">Une poule de go\u00fbt et de caract\u00e8re pr\u00e9serv\u00e9e par une communaut\u00e9 de passionn\u00e9s dans le Berry<\/div>\r\n\r\n\t\t\t\t\t\t<a class=\"wppsac-readmorebtn\" href=\"https:\/\/www.berry-cocottes.bigberry.fr\/index.php\/2020\/02\/21\/decouvrir-la-poule-noire-du-berry\/\">Read More<\/a>\r\n\t\t\t\t\t<\/div>\r\n\t\t\t<\/div>\r\n<\/div><div class=\"wppsac-carousel-slides\">\r\n\t\t<div class=\"wppsac-post-image-bg\">\r\n\t\t<a href=\"https:\/\/www.berry-cocottes.bigberry.fr\/index.php\/2019\/12\/02\/perle-plume-et-dedette-samusent-a-eguzon\/\">\r\n\t\t\t<img decoding=\"async\" class=\"wppsac-post-image\"  src=\"https:\/\/www.berry-cocottes.bigberry.fr\/wp-content\/uploads\/2019\/12\/Berry-Cocottes-Eguzon-Chantome.jpg\" alt=\"Perle, Plume et D\u00e9dette s&#8217;amusent \u00e0 Eguzon\" \/>\r\n\t\t<\/a>\r\n\t<\/div>\r\n\t\r\n\t<div class=\"wppsac-post-content-position\">\r\n\t\t\t\t<div class=\"wppsac-post-categories\"><ul class=\"wppsac-post-categories-list\"><li><a href=\"https:\/\/www.berry-cocottes.bigberry.fr\/index.php\/category\/le-programme\/\">Le Programme<\/a><\/li><li><a href=\"https:\/\/www.berry-cocottes.bigberry.fr\/index.php\/category\/les-activites\/\">Les activit\u00e9s<\/a><\/li><\/ul><\/div>\r\n\t\t\r\n\t\t<h2 class=\"wppsac-post-title\">\r\n\t\t\t<a href=\"https:\/\/www.berry-cocottes.bigberry.fr\/index.php\/2019\/12\/02\/perle-plume-et-dedette-samusent-a-eguzon\/\">Perle, Plume et D\u00e9dette s&#8217;amusent \u00e0 Eguzon<\/a>\r\n\t\t<\/h2>\r\n\r\n\t\t\t\t<div class=\"wppsac-post-date\">\r\n\t\t\t\t\t\t<span>By admincocottes<\/span>\r\n\t\t\t \/ 2 December 2019\t\t<\/div>\r\n\t\t\t\t<div class=\"wppsac-post-content\">\r\n\t\t\t<div class=\"wppsac-sub-content\">Des nouvelles des poules Noire du Berry install\u00e9es dans l'\u00e9cole d'Eguzon<\/div>\r\n\r\n\t\t\t\t\t\t<a class=\"wppsac-readmorebtn\" href=\"https:\/\/www.berry-cocottes.bigberry.fr\/index.php\/2019\/12\/02\/perle-plume-et-dedette-samusent-a-eguzon\/\">Read More<\/a>\r\n\t\t\t\t\t<\/div>\r\n\t\t\t<\/div>\r\n<\/div><div class=\"wppsac-carousel-slides\">\r\n\t\t<div class=\"wppsac-post-image-bg\">\r\n\t\t<a href=\"https:\/\/www.berry-cocottes.bigberry.fr\/index.php\/2019\/11\/25\/latelier-des-lutins-zero-dechet\/\">\r\n\t\t\t<img decoding=\"async\" class=\"wppsac-post-image\"  src=\"https:\/\/www.berry-cocottes.bigberry.fr\/wp-content\/uploads\/2019\/11\/Berry-Cocottes-Noel-Zero-Dechet.jpg\" alt=\"L&#8217;Atelier des Lutins Z\u00e9ro D\u00e9chet\" \/>\r\n\t\t<\/a>\r\n\t<\/div>\r\n\t\r\n\t<div class=\"wppsac-post-content-position\">\r\n\t\t\t\t<div class=\"wppsac-post-categories\"><ul class=\"wppsac-post-categories-list\"><li><a href=\"https:\/\/www.berry-cocottes.bigberry.fr\/index.php\/category\/eco-conseil\/\">Eco-conseil<\/a><\/li><li><a href=\"https:\/\/www.berry-cocottes.bigberry.fr\/index.php\/category\/les-activites\/\">Les activit\u00e9s<\/a><\/li><\/ul><\/div>\r\n\t\t\r\n\t\t<h2 class=\"wppsac-post-title\">\r\n\t\t\t<a href=\"https:\/\/www.berry-cocottes.bigberry.fr\/index.php\/2019\/11\/25\/latelier-des-lutins-zero-dechet\/\">L&#8217;Atelier des Lutins Z\u00e9ro D\u00e9chet<\/a>\r\n\t\t<\/h2>\r\n\r\n\t\t\t\t<div class=\"wppsac-post-date\">\r\n\t\t\t\t\t\t<span>By admincocottes<\/span>\r\n\t\t\t \/ 25 November 2019\t\t<\/div>\r\n\t\t\t\t<div class=\"wppsac-post-content\">\r\n\t\t\t<div class=\"wppsac-sub-content\">Des id\u00e9es d'activit\u00e9s pour un No\u00ebl \"Z\u00e9ro-D\u00e9chet\" et Fait-Maison !<\/div>\r\n\r\n\t\t\t\t\t\t<a class=\"wppsac-readmorebtn\" href=\"https:\/\/www.berry-cocottes.bigberry.fr\/index.php\/2019\/11\/25\/latelier-des-lutins-zero-dechet\/\">Read More<\/a>\r\n\t\t\t\t\t<\/div>\r\n\t\t\t<\/div>\r\n<\/div><div class=\"wppsac-carousel-slides\">\r\n\t\t<div class=\"wppsac-post-image-bg\">\r\n\t\t<a href=\"https:\/\/www.berry-cocottes.bigberry.fr\/index.php\/2019\/11\/14\/un-compost-en-pleine-forme\/\">\r\n\t\t\t<img decoding=\"async\" class=\"wppsac-post-image\"  src=\"https:\/\/www.berry-cocottes.bigberry.fr\/wp-content\/uploads\/2019\/11\/Berry-Cocottes-Pour-un-Compost-en-bonne-sant\u00e9.jpg\" alt=\"Un compost en pleine forme\" \/>\r\n\t\t<\/a>\r\n\t<\/div>\r\n\t\r\n\t<div class=\"wppsac-post-content-position\">\r\n\t\t\t\t<div class=\"wppsac-post-categories\"><ul class=\"wppsac-post-categories-list\"><li><a href=\"https:\/\/www.berry-cocottes.bigberry.fr\/index.php\/category\/eco-conseil\/\">Eco-conseil<\/a><\/li><li><a href=\"https:\/\/www.berry-cocottes.bigberry.fr\/index.php\/category\/les-activites\/\">Les activit\u00e9s<\/a><\/li><\/ul><\/div>\r\n\t\t\r\n\t\t<h2 class=\"wppsac-post-title\">\r\n\t\t\t<a href=\"https:\/\/www.berry-cocottes.bigberry.fr\/index.php\/2019\/11\/14\/un-compost-en-pleine-forme\/\">Un compost en pleine forme<\/a>\r\n\t\t<\/h2>\r\n\r\n\t\t\t\t<div class=\"wppsac-post-date\">\r\n\t\t\t\t\t\t<span>By admincocottes<\/span>\r\n\t\t\t \/ 14 November 2019\t\t<\/div>\r\n\t\t\t\t<div class=\"wppsac-post-content\">\r\n\t\t\t<div class=\"wppsac-sub-content\">Astuces et conseils pour b\u00e9n\u00e9ficier d'un compost de bonne qualit\u00e9<\/div>\r\n\r\n\t\t\t\t\t\t<a class=\"wppsac-readmorebtn\" href=\"https:\/\/www.berry-cocottes.bigberry.fr\/index.php\/2019\/11\/14\/un-compost-en-pleine-forme\/\">Read More<\/a>\r\n\t\t\t\t\t<\/div>\r\n\t\t\t<\/div>\r\n<\/div><div class=\"wppsac-carousel-slides\">\r\n\t\t<div class=\"wppsac-post-image-bg\">\r\n\t\t<a href=\"https:\/\/www.berry-cocottes.bigberry.fr\/index.php\/2019\/11\/08\/cest-parti-pour-briantes\/\">\r\n\t\t\t<img decoding=\"async\" class=\"wppsac-post-image\"  src=\"https:\/\/www.berry-cocottes.bigberry.fr\/wp-content\/uploads\/2019\/11\/Berry-Cocottes-\u00e0-Briantes.jpg\" alt=\"C&#8217;est parti pour Briantes !\" \/>\r\n\t\t<\/a>\r\n\t<\/div>\r\n\t\r\n\t<div class=\"wppsac-post-content-position\">\r\n\t\t\t\t<div class=\"wppsac-post-categories\"><ul class=\"wppsac-post-categories-list\"><li><a href=\"https:\/\/www.berry-cocottes.bigberry.fr\/index.php\/category\/le-programme\/\">Le Programme<\/a><\/li><li><a href=\"https:\/\/www.berry-cocottes.bigberry.fr\/index.php\/category\/poulailler\/\">Poulailler<\/a><\/li><\/ul><\/div>\r\n\t\t\r\n\t\t<h2 class=\"wppsac-post-title\">\r\n\t\t\t<a href=\"https:\/\/www.berry-cocottes.bigberry.fr\/index.php\/2019\/11\/08\/cest-parti-pour-briantes\/\">C&#8217;est parti pour Briantes !<\/a>\r\n\t\t<\/h2>\r\n\r\n\t\t\t\t<div class=\"wppsac-post-date\">\r\n\t\t\t\t\t\t<span>By admincocottes<\/span>\r\n\t\t\t \/ 8 November 2019\t\t<\/div>\r\n\t\t\t\t<div class=\"wppsac-post-content\">\r\n\t\t\t<div class=\"wppsac-sub-content\">Premier poulailler livr\u00e9 et lanc\u00e9 dans le cadre de l'op\u00e9ration Berry Cocottes avec Briantes !<\/div>\r\n\r\n\t\t\t\t\t\t<a class=\"wppsac-readmorebtn\" href=\"https:\/\/www.berry-cocottes.bigberry.fr\/index.php\/2019\/11\/08\/cest-parti-pour-briantes\/\">Read More<\/a>\r\n\t\t\t\t\t<\/div>\r\n\t\t\t<\/div>\r\n<\/div><div class=\"wppsac-carousel-slides\">\r\n\t\t<div class=\"wppsac-post-image-bg\">\r\n\t\t<a href=\"https:\/\/www.berry-cocottes.bigberry.fr\/index.php\/2019\/10\/07\/plus-de-papier-essuie-tout\/\">\r\n\t\t\t<img decoding=\"async\" class=\"wppsac-post-image\"  src=\"https:\/\/www.berry-cocottes.bigberry.fr\/wp-content\/uploads\/2019\/10\/Plus-de-papier-essuie-tout.jpg\" alt=\"Plus de papier essuie-tout !\" \/>\r\n\t\t<\/a>\r\n\t<\/div>\r\n\t\r\n\t<div class=\"wppsac-post-content-position\">\r\n\t\t\t\t<div class=\"wppsac-post-categories\"><ul class=\"wppsac-post-categories-list\"><li><a href=\"https:\/\/www.berry-cocottes.bigberry.fr\/index.php\/category\/eco-conseil\/\">Eco-conseil<\/a><\/li><li><a href=\"https:\/\/www.berry-cocottes.bigberry.fr\/index.php\/category\/les-activites\/\">Les activit\u00e9s<\/a><\/li><\/ul><\/div>\r\n\t\t\r\n\t\t<h2 class=\"wppsac-post-title\">\r\n\t\t\t<a href=\"https:\/\/www.berry-cocottes.bigberry.fr\/index.php\/2019\/10\/07\/plus-de-papier-essuie-tout\/\">Plus de papier essuie-tout !<\/a>\r\n\t\t<\/h2>\r\n\r\n\t\t\t\t<div class=\"wppsac-post-date\">\r\n\t\t\t\t\t\t<span>By admincocottes<\/span>\r\n\t\t\t \/ 7 October 2019\t\t<\/div>\r\n\t\t\t\t<div class=\"wppsac-post-content\">\r\n\t\t\t<div class=\"wppsac-sub-content\">La cl\u00e9 pour le z\u00e9ro d\u00e9chet : s'organiser Pour d\u00e9velopper des habitudes \"z\u00e9ro-d\u00e9chets\" qui dureront dans le temps et seront...<\/div>\r\n\r\n\t\t\t\t\t\t<a class=\"wppsac-readmorebtn\" href=\"https:\/\/www.berry-cocottes.bigberry.fr\/index.php\/2019\/10\/07\/plus-de-papier-essuie-tout\/\">Read More<\/a>\r\n\t\t\t\t\t<\/div>\r\n\t\t\t<\/div>\r\n<\/div>\t\t\t<\/div>\r\n\t\t<\/div>\r\n\t<\/div>\n\t\t\t\t<\/div>\n\t\t\t\t<\/div>\n\t\t\t\t\t<\/div>\n\t\t<\/div>\n\t\t\t\t\t<\/div>\n\t\t<\/section>\n\t\t\t\t<\/div>\n\t\t","protected":false},"excerpt":{"rendered":"<p>Suivez les aventures des Berry Cocottes<\/p>\n","protected":false},"author":1,"featured_media":0,"parent":0,"menu_order":0,"comment_status":"closed","ping_status":"closed","template":"elementor_header_footer","meta":{"footnotes":""},"_links":{"self":[{"href":"https:\/\/www.berry-cocottes.bigberry.fr\/index.php\/wp-json\/wp\/v2\/pages\/102"}],"collection":[{"href":"https:\/\/www.berry-cocottes.bigberry.fr\/index.php\/wp-json\/wp\/v2\/pages"}],"about":[{"href":"https:\/\/www.berry-cocottes.bigberry.fr\/index.php\/wp-json\/wp\/v2\/types\/page"}],"author":[{"embeddable":true,"href":"https:\/\/www.berry-cocottes.bigberry.fr\/index.php\/wp-json\/wp\/v2\/users\/1"}],"replies":[{"embeddable":true,"href":"https:\/\/www.berry-cocottes.bigberry.fr\/index.php\/wp-json\/wp\/v2\/comments?post=102"}],"version-history":[{"count":5,"href":"https:\/\/www.berry-cocottes.bigberry.fr\/index.php\/wp-json\/wp\/v2\/pages\/102\/revisions"}],"predecessor-version":[{"id":108,"href":"https:\/\/www.berry-cocottes.bigberry.fr\/index.php\/wp-json\/wp\/v2\/pages\/102\/revisions\/108"}],"wp:attachment":[{"href":"https:\/\/www.berry-cocottes.bigberry.fr\/index.php\/wp-json\/wp\/v2\/media?parent=102"}],"curies":[{"name":"wp","href":"https:\/\/api.w.org\/{rel}","templated":true}]}}